{"id":9,"date":"2025-09-27T09:05:24","date_gmt":"2025-09-27T09:05:24","guid":{"rendered":"http:\/\/www.eskiturkdigital.com\/?page_id=9"},"modified":"2026-04-18T13:21:35","modified_gmt":"2026-04-18T13:21:35","slug":"dijital-pazarlama-uzmani-ozgur-eskiturk","status":"publish","type":"page","link":"https:\/\/www.eskiturkdigital.com\/en\/","title":{"rendered":"Dijital Pazarlama Uzman\u0131"},"content":{"rendered":"<div class=\"wp-block-cover is-light\"><video class=\"wp-block-cover__video-background intrinsic-ignore\" autoplay muted loop playsinline src=\"https:\/\/www.eskiturkdigital.com\/wp-content\/uploads\/2025\/10\/social_gravityvfx_A_dynamic_image_showing_a_modern_smartphone_with_t_22e818d4-c395-4cf3-b677-95b0ae596368_0.mp4\" data-object-fit=\"cover\"><\/video><span aria-hidden=\"true\" class=\"wp-block-cover__background has-background-dim\" style=\"background-color:#FFF\"><\/span><div class=\"wp-block-cover__inner-container is-layout-flow wp-block-cover-is-layout-flow\">\n<p class=\"has-text-align-center\"><mark style=\"background-color:#cf2e2e;color:#fcb900\" class=\"has-inline-color\"><strong>Sat\u0131\u015flar\u0131n\u0131 Y\u00fckselt<\/strong><\/mark><\/p>\n\n\n\n<h6 class=\"wp-block-heading has-text-align-center has-large-font-size\"><mark style=\"background-color:#cf2e2e;color:#fcb900\" class=\"has-inline-color\"><strong>Kazanc\u0131n\u0131 Katla<\/strong><\/mark><\/h6>\n\n\n\n<p class=\"has-text-align-center\"><mark style=\"background-color:#cf2e2e;color:#fcb900\" class=\"has-inline-color\"><strong>\u0130\u015fletmeni B\u00fcy\u00fct<\/strong><\/mark><\/p>\n\n\n\n<h2 class=\"wp-block-heading has-large-font-size\"><\/h2>\n<\/div><\/div>\n\n\n\n<p class=\"has-text-align-left\"><strong><mark style=\"background-color:rgba(0, 0, 0, 0)\" class=\"has-inline-color has-ast-global-color-0-color\">G<\/mark><mark style=\"background-color:rgba(0, 0, 0, 0);color:#cf2e2e\" class=\"has-inline-color\">o<\/mark><mark style=\"background-color:rgba(0, 0, 0, 0);color:#fcb900\" class=\"has-inline-color\">o<\/mark><mark style=\"background-color:rgba(0, 0, 0, 0)\" class=\"has-inline-color has-ast-global-color-0-color\">g<\/mark><mark style=\"background-color:rgba(0, 0, 0, 0);color:#00d084\" class=\"has-inline-color\">l<\/mark><mark style=\"background-color:rgba(0, 0, 0, 0);color:#cf2e2e\" class=\"has-inline-color\">e<\/mark><\/strong> <strong>Ads<\/strong>, <strong><mark style=\"background-color:rgba(0, 0, 0, 0)\" class=\"has-inline-color has-ast-global-color-0-color\">G<\/mark><mark style=\"background-color:rgba(0, 0, 0, 0);color:#cf2e2e\" class=\"has-inline-color\">o<\/mark><mark style=\"background-color:rgba(0, 0, 0, 0);color:#fcb900\" class=\"has-inline-color\">o<\/mark><mark style=\"background-color:rgba(0, 0, 0, 0)\" class=\"has-inline-color has-ast-global-color-0-color\">g<\/mark><mark style=\"background-color:rgba(0, 0, 0, 0);color:#00d084\" class=\"has-inline-color\">l<\/mark><mark style=\"background-color:rgba(0, 0, 0, 0);color:#cf2e2e\" class=\"has-inline-color\">e<\/mark><\/strong> <strong>Analytics<\/strong>, <strong><mark style=\"background-color:rgba(0, 0, 0, 0)\" class=\"has-inline-color has-ast-global-color-0-color\">G<\/mark><mark style=\"background-color:rgba(0, 0, 0, 0);color:#cf2e2e\" class=\"has-inline-color\">o<\/mark><mark style=\"background-color:rgba(0, 0, 0, 0);color:#fcb900\" class=\"has-inline-color\">o<\/mark><mark style=\"background-color:rgba(0, 0, 0, 0)\" class=\"has-inline-color has-ast-global-color-0-color\">g<\/mark><mark style=\"background-color:rgba(0, 0, 0, 0);color:#00d084\" class=\"has-inline-color\">l<\/mark><mark style=\"background-color:rgba(0, 0, 0, 0);color:#cf2e2e\" class=\"has-inline-color\">e<\/mark><\/strong> <strong>Search Console ve<\/strong> <strong><mark style=\"background-color:rgba(0, 0, 0, 0)\" class=\"has-inline-color has-ast-global-color-0-color\">G<\/mark><mark style=\"background-color:rgba(0, 0, 0, 0);color:#cf2e2e\" class=\"has-inline-color\">o<\/mark><mark style=\"background-color:rgba(0, 0, 0, 0);color:#fcb900\" class=\"has-inline-color\">o<\/mark><mark style=\"background-color:rgba(0, 0, 0, 0)\" class=\"has-inline-color has-ast-global-color-0-color\">g<\/mark><mark style=\"background-color:rgba(0, 0, 0, 0);color:#00d084\" class=\"has-inline-color\">l<\/mark><mark style=\"background-color:rgba(0, 0, 0, 0);color:#cf2e2e\" class=\"has-inline-color\">e<\/mark><\/strong> <strong>Merchant Center<\/strong> <strong>kurulumlar\u0131<\/strong> <strong>ve<\/strong> <strong>birbirine entegre edilmesi<\/strong><\/p>\n\n\n\n<p><strong><mark style=\"background-color:var(--ast-global-color-1)\" class=\"has-inline-color has-ast-global-color-4-color\">Facebook<\/mark> <\/strong>ve<mark style=\"background-color:#ff6900;color:#ffffff\" class=\"has-inline-color\"> <strong>Instagram<\/strong><\/mark> <strong>reklam kampanyalar\u0131n\u0131n profesyonel y\u00f6netimi<\/strong><\/p>\n\n\n\n<p><strong>Web sitesi d\u00f6n\u00fc\u015f\u00fcmleri ve \u00f6l\u00e7\u00fcmlemelerinin yap\u0131lmas\u0131 <\/strong><\/p>\n\n\n\n<p><strong>SEO, i\u00e7erik pazarlama ve dijital strateji geli\u015ftirme<\/strong><\/p>\n\n\n\n<p><\/p>","protected":false},"excerpt":{"rendered":"<p>Google Ads, Google Analytics, Google Search Console ve Google Merchant Center kurulumlar\u0131 ve birbirine entegre edilmesi Facebook ve Instagram reklam [&hellip;]<\/p>","protected":false},"author":1,"featured_media":0,"parent":0,"menu_order":0,"comment_status":"closed","ping_status":"closed","template":"","meta":{"site-sidebar-layout":"default","site-content-layout":"","ast-site-content-layout":"default","site-content-style":"default","site-sidebar-style":"default","ast-global-header-display":"","ast-banner-title-visibility":"","ast-main-header-display":"","ast-hfb-above-header-display":"","ast-hfb-below-header-display":"","ast-hfb-mobile-header-display":"","site-post-title":"","ast-breadcrumbs-content":"","ast-featured-img":"","footer-sml-layout":"","theme-transparent-header-meta":"","adv-header-id-meta":"","stick-header-meta":"","header-above-stick-meta":"","header-main-stick-meta":"","header-below-stick-meta":"","astra-migrate-meta-layouts":"default","ast-page-background-enabled":"default","ast-page-background-meta":{"desktop":{"background-color":"var(--ast-global-color-5)","background-image":"","background-repeat":"repeat","background-position":"center center","background-size":"auto","background-attachment":"scroll","background-type":"","background-media":"","overlay-type":"","overlay-color":"","overlay-opacity":"","overlay-gradient":""},"tablet":{"background-color":"","background-image":"","background-repeat":"repeat","background-position":"center center","background-size":"auto","background-attachment":"scroll","background-type":"","background-media":"","overlay-type":"","overlay-color":"","overlay-opacity":"","overlay-gradient":""},"mobile":{"background-color":"","background-image":"","background-repeat":"repeat","background-position":"center center","background-size":"auto","background-attachment":"scroll","background-type":"","background-media":"","overlay-type":"","overlay-color":"","overlay-opacity":"","overlay-gradient":""}},"ast-content-background-meta":{"desktop":{"background-color":"var(--ast-global-color-4)","background-image":"","background-repeat":"repeat","background-position":"center center","background-size":"auto","background-attachment":"scroll","background-type":"","background-media":"","overlay-type":"","overlay-color":"","overlay-opacity":"","overlay-gradient":""},"tablet":{"background-color":"var(--ast-global-color-4)","background-image":"","background-repeat":"repeat","background-position":"center center","background-size":"auto","background-attachment":"scroll","background-type":"","background-media":"","overlay-type":"","overlay-color":"","overlay-opacity":"","overlay-gradient":""},"mobile":{"background-color":"var(--ast-global-color-4)","background-image":"","background-repeat":"repeat","background-position":"center center","background-size":"auto","background-attachment":"scroll","background-type":"","background-media":"","overlay-type":"","overlay-color":"","overlay-opacity":"","overlay-gradient":""}},"footnotes":""},"class_list":["post-9","page","type-page","status-publish","hentry"],"yoast_head":"<!-- This site is optimized with the Yoast SEO plugin v26.0 - https:\/\/yoast.com\/wordpress\/plugins\/seo\/ -->\n<title>Dijital Pazarlama Uzman\u0131 -<\/title>\n<meta name=\"description\" content=\"360 Derece etkili dijital pazarlama ve dijital reklamc\u0131l\u0131k \u00e7al\u0131\u015fmalar\u0131 ile tan\u0131\u015f\u0131n. Bilgi i\u00e7in hemen ileti\u015fime ge\u00e7in.\" \/>\n<meta name=\"robots\" content=\"index, follow, max-snippet:-1, max-image-preview:large, max-video-preview:-1\" \/>\n<link rel=\"canonical\" href=\"https:\/\/www.eskiturkdigital.com\/en\/\" \/>\n<meta property=\"og:locale\" content=\"en_US\" \/>\n<meta property=\"og:type\" content=\"article\" \/>\n<meta property=\"og:title\" content=\"Dijital Pazarlama Uzman\u0131 -\" \/>\n<meta property=\"og:description\" content=\"360 Derece etkili dijital pazarlama ve dijital reklamc\u0131l\u0131k \u00e7al\u0131\u015fmalar\u0131 ile tan\u0131\u015f\u0131n. Bilgi i\u00e7in hemen ileti\u015fime ge\u00e7in.\" \/>\n<meta property=\"og:url\" content=\"https:\/\/www.eskiturkdigital.com\/en\/\" \/>\n<meta property=\"article:publisher\" content=\"https:\/\/www.facebook.com\/profile.php?id=61580126678896\" \/>\n<meta property=\"article:modified_time\" content=\"2026-04-18T13:21:35+00:00\" \/>\n<meta name=\"twitter:card\" content=\"summary_large_image\" \/>\n<meta name=\"twitter:label1\" content=\"Est. reading time\" \/>\n\t<meta name=\"twitter:data1\" content=\"1 minute\" \/>\n<script type=\"application\/ld+json\" class=\"yoast-schema-graph\">{\"@context\":\"https:\/\/schema.org\",\"@graph\":[{\"@type\":\"WebPage\",\"@id\":\"https:\/\/www.eskiturkdigital.com\/\",\"url\":\"https:\/\/www.eskiturkdigital.com\/\",\"name\":\"Dijital Pazarlama Uzman\u0131 -\",\"isPartOf\":{\"@id\":\"https:\/\/www.eskiturkdigital.com\/#website\"},\"datePublished\":\"2025-09-27T09:05:24+00:00\",\"dateModified\":\"2026-04-18T13:21:35+00:00\",\"description\":\"360 Derece etkili dijital pazarlama ve dijital reklamc\u0131l\u0131k \u00e7al\u0131\u015fmalar\u0131 ile tan\u0131\u015f\u0131n. Bilgi i\u00e7in hemen ileti\u015fime ge\u00e7in.\",\"breadcrumb\":{\"@id\":\"https:\/\/www.eskiturkdigital.com\/#breadcrumb\"},\"inLanguage\":\"en-US\",\"potentialAction\":[{\"@type\":\"ReadAction\",\"target\":[\"https:\/\/www.eskiturkdigital.com\/\"]}]},{\"@type\":\"BreadcrumbList\",\"@id\":\"https:\/\/www.eskiturkdigital.com\/#breadcrumb\",\"itemListElement\":[{\"@type\":\"ListItem\",\"position\":1,\"name\":\"Anasayfa\",\"item\":\"https:\/\/www.eskiturkdigital.com\/\"},{\"@type\":\"ListItem\",\"position\":2,\"name\":\"Dijital Pazarlama Uzman\u0131\"}]},{\"@type\":\"WebSite\",\"@id\":\"https:\/\/www.eskiturkdigital.com\/#website\",\"url\":\"https:\/\/www.eskiturkdigital.com\/\",\"name\":\"eskiturkdigital\",\"description\":\"\",\"publisher\":{\"@id\":\"https:\/\/www.eskiturkdigital.com\/#organization\"},\"potentialAction\":[{\"@type\":\"SearchAction\",\"target\":{\"@type\":\"EntryPoint\",\"urlTemplate\":\"https:\/\/www.eskiturkdigital.com\/?s={search_term_string}\"},\"query-input\":{\"@type\":\"PropertyValueSpecification\",\"valueRequired\":true,\"valueName\":\"search_term_string\"}}],\"inLanguage\":\"en-US\"},{\"@type\":\"Organization\",\"@id\":\"https:\/\/www.eskiturkdigital.com\/#organization\",\"name\":\"eskiturkdigital\",\"url\":\"https:\/\/www.eskiturkdigital.com\/\",\"logo\":{\"@type\":\"ImageObject\",\"inLanguage\":\"en-US\",\"@id\":\"https:\/\/www.eskiturkdigital.com\/#\/schema\/logo\/image\/\",\"url\":\"https:\/\/www.eskiturkdigital.com\/wp-content\/uploads\/2025\/12\/cropped-cutmypic-4.png\",\"contentUrl\":\"https:\/\/www.eskiturkdigital.com\/wp-content\/uploads\/2025\/12\/cropped-cutmypic-4.png\",\"width\":500,\"height\":125,\"caption\":\"eskiturkdigital\"},\"image\":{\"@id\":\"https:\/\/www.eskiturkdigital.com\/#\/schema\/logo\/image\/\"},\"sameAs\":[\"https:\/\/www.facebook.com\/profile.php?id=61580126678896\"]}]}<\/script>\n<!-- \/ Yoast SEO plugin. -->","yoast_head_json":{"title":"Dijital Pazarlama Uzman\u0131 -","description":"360 Derece etkili dijital pazarlama ve dijital reklamc\u0131l\u0131k \u00e7al\u0131\u015fmalar\u0131 ile tan\u0131\u015f\u0131n. Bilgi i\u00e7in hemen ileti\u015fime ge\u00e7in.","robots":{"index":"index","follow":"follow","max-snippet":"max-snippet:-1","max-image-preview":"max-image-preview:large","max-video-preview":"max-video-preview:-1"},"canonical":"https:\/\/www.eskiturkdigital.com\/en\/","og_locale":"en_US","og_type":"article","og_title":"Dijital Pazarlama Uzman\u0131 -","og_description":"360 Derece etkili dijital pazarlama ve dijital reklamc\u0131l\u0131k \u00e7al\u0131\u015fmalar\u0131 ile tan\u0131\u015f\u0131n. Bilgi i\u00e7in hemen ileti\u015fime ge\u00e7in.","og_url":"https:\/\/www.eskiturkdigital.com\/en\/","article_publisher":"https:\/\/www.facebook.com\/profile.php?id=61580126678896","article_modified_time":"2026-04-18T13:21:35+00:00","twitter_card":"summary_large_image","twitter_misc":{"Est. reading time":"1 minute"},"schema":{"@context":"https:\/\/schema.org","@graph":[{"@type":"WebPage","@id":"https:\/\/www.eskiturkdigital.com\/","url":"https:\/\/www.eskiturkdigital.com\/","name":"Dijital Pazarlama Uzman\u0131 -","isPartOf":{"@id":"https:\/\/www.eskiturkdigital.com\/#website"},"datePublished":"2025-09-27T09:05:24+00:00","dateModified":"2026-04-18T13:21:35+00:00","description":"360 Derece etkili dijital pazarlama ve dijital reklamc\u0131l\u0131k \u00e7al\u0131\u015fmalar\u0131 ile tan\u0131\u015f\u0131n. Bilgi i\u00e7in hemen ileti\u015fime ge\u00e7in.","breadcrumb":{"@id":"https:\/\/www.eskiturkdigital.com\/#breadcrumb"},"inLanguage":"en-US","potentialAction":[{"@type":"ReadAction","target":["https:\/\/www.eskiturkdigital.com\/"]}]},{"@type":"BreadcrumbList","@id":"https:\/\/www.eskiturkdigital.com\/#breadcrumb","itemListElement":[{"@type":"ListItem","position":1,"name":"Anasayfa","item":"https:\/\/www.eskiturkdigital.com\/"},{"@type":"ListItem","position":2,"name":"Dijital Pazarlama Uzman\u0131"}]},{"@type":"WebSite","@id":"https:\/\/www.eskiturkdigital.com\/#website","url":"https:\/\/www.eskiturkdigital.com\/","name":"eskiturkdigital","description":"","publisher":{"@id":"https:\/\/www.eskiturkdigital.com\/#organization"},"potentialAction":[{"@type":"SearchAction","target":{"@type":"EntryPoint","urlTemplate":"https:\/\/www.eskiturkdigital.com\/?s={search_term_string}"},"query-input":{"@type":"PropertyValueSpecification","valueRequired":true,"valueName":"search_term_string"}}],"inLanguage":"en-US"},{"@type":"Organization","@id":"https:\/\/www.eskiturkdigital.com\/#organization","name":"eskiturkdigital","url":"https:\/\/www.eskiturkdigital.com\/","logo":{"@type":"ImageObject","inLanguage":"en-US","@id":"https:\/\/www.eskiturkdigital.com\/#\/schema\/logo\/image\/","url":"https:\/\/www.eskiturkdigital.com\/wp-content\/uploads\/2025\/12\/cropped-cutmypic-4.png","contentUrl":"https:\/\/www.eskiturkdigital.com\/wp-content\/uploads\/2025\/12\/cropped-cutmypic-4.png","width":500,"height":125,"caption":"eskiturkdigital"},"image":{"@id":"https:\/\/www.eskiturkdigital.com\/#\/schema\/logo\/image\/"},"sameAs":["https:\/\/www.facebook.com\/profile.php?id=61580126678896"]}]}},"_links":{"self":[{"href":"https:\/\/www.eskiturkdigital.com\/en\/wp-json\/wp\/v2\/pages\/9","targetHints":{"allow":["GET"]}}],"collection":[{"href":"https:\/\/www.eskiturkdigital.com\/en\/wp-json\/wp\/v2\/pages"}],"about":[{"href":"https:\/\/www.eskiturkdigital.com\/en\/wp-json\/wp\/v2\/types\/page"}],"author":[{"embeddable":true,"href":"https:\/\/www.eskiturkdigital.com\/en\/wp-json\/wp\/v2\/users\/1"}],"replies":[{"embeddable":true,"href":"https:\/\/www.eskiturkdigital.com\/en\/wp-json\/wp\/v2\/comments?post=9"}],"version-history":[{"count":26,"href":"https:\/\/www.eskiturkdigital.com\/en\/wp-json\/wp\/v2\/pages\/9\/revisions"}],"predecessor-version":[{"id":183,"href":"https:\/\/www.eskiturkdigital.com\/en\/wp-json\/wp\/v2\/pages\/9\/revisions\/183"}],"wp:attachment":[{"href":"https:\/\/www.eskiturkdigital.com\/en\/wp-json\/wp\/v2\/media?parent=9"}],"curies":[{"name":"wp","href":"https:\/\/api.w.org\/{rel}","templated":true}]}}